{"id":3643,"date":"2020-06-15T09:42:05","date_gmt":"2020-06-15T07:42:05","guid":{"rendered":"https:\/\/www.gmcucine.com\/entreprise\/"},"modified":"2023-12-06T10:44:17","modified_gmt":"2023-12-06T09:44:17","slug":"entreprise","status":"publish","type":"page","link":"https:\/\/www.gmcucine.com\/fr\/entreprise\/","title":{"rendered":"Entreprise"},"content":{"rendered":"<section class=\"wpb-content-wrapper\"><p>[vc_row css_animation=&#8221;&#8221; row_type=&#8221;row&#8221; use_row_as_full_screen_section=&#8221;no&#8221; type=&#8221;grid&#8221; angled_section=&#8221;no&#8221; text_align=&#8221;left&#8221; background_image_as_pattern=&#8221;without_pattern&#8221; z_index=&#8221;&#8221;][vc_column width=&#8221;1\/2&#8243;][vc_column_text]<\/p>\n<h2>GM CUCINE<\/h2>\n<p>[\/vc_column_text][vc_empty_space height=&#8221;25px&#8221;][vc_column_text]Mille points de vente et quarante agences dans tout le pays, des revendeurs en Europe, en Am\u00e9rique centrale et en Am\u00e9rique du Sud: tels sont les chiffres et les r\u00e9sultats qui t\u00e9moignent du succ\u00e8s de GM Cucine, une entreprise bien \u00e9tablie dans le secteur qui, depuis 1982, propose des solutions de qualit\u00e9 et innovantes pour l&#8217;environnement de la cuisine.<\/p>\n<p>&nbsp;<\/p>\n<p>20 mille m\u00e8tres carr\u00e9s de surface sont d\u00e9di\u00e9s \u00e0 la production et \u00e0 la logistique des diff\u00e9rentes collections. Dans les derni\u00e8res ann\u00e9es l&#8217;entreprise s&#8217;est surtout sp\u00e9cialis\u00e9e dans la production de cuisines modernes, au design jeune et personnalisable, sans n\u00e9gliger l&#8217;attention aux lignes les plus classiques et traditionnelles.<\/p>\n<p>&nbsp;<\/p>\n<p><strong>La qualit\u00e9<\/strong><\/p>\n<p>La volont\u00e9 de poursuivre l&#8217;am\u00e9lioration continue de tous ses processus organisationnels et de se positionner sur le march\u00e9 avec des produits d&#8217;une excellence absolue a conduit GM Cucine \u00e0 obtenir, d\u00e8s 1999, la certification de son syst\u00e8me de qualit\u00e9 selon la norme internationale UNI EN ISO 9001.<\/p>\n<p>&nbsp;<\/p>\n<p>Gr\u00e2ce \u00e0 cette norme, l&#8217;entreprise a d\u00e9fini une s\u00e9rie de processus, de proc\u00e9dures et d&#8217;enregistrements pour toutes les activit\u00e9s g\u00e9r\u00e9es par l&#8217;entreprise : de la conception \u00e0 l&#8217;achat, de la vente \u00e0 la livraison des produits, en vue de satisfaire les exigences de ses clients et des parties prenantes.<\/p>\n<p>&nbsp;<\/p>\n<p><strong>Download<\/strong><\/p>\n<p><a href=\"https:\/\/www.gmcucine.com\/fr\/politica-qualita-gm-cucine-2022-2\/\">POLITICA PER LA QUALIT\u00c0<\/a><\/p>\n<p><a href=\"https:\/\/www.gmcucine.com\/fr\/cert_sq184336-icila_qua_02-2\/\">CERTIFICATO ICILA<\/a><\/p>\n<p><a href=\"https:\/\/www.gmcucine.com\/fr\/certificato-iqnet_2021-2\/\">CERTIFICATO IQNET<\/a>[\/vc_column_text][\/vc_column][vc_column width=&#8221;1\/2&#8243;]<div class='qode_image_gallery_no_space '><div class='qode_image_gallery_holder' style='height: 450px;'><ul  ><li  ><div style=\"height: 450px; width:600px;\"><img decoding=\"async\" itemprop=\"image\" src=\"https:\/\/www.gmcucine.com\/wp-content\/uploads\/2019\/05\/GOPR0226_1552895348730_high.jpg\" alt=\"Gm Cucine Azienda\" \/><\/div><\/li><li  ><div style=\"height: 450px; width:600px;\"><img decoding=\"async\" itemprop=\"image\" src=\"https:\/\/www.gmcucine.com\/wp-content\/uploads\/2019\/05\/GOPR0218_1552895348730_high.jpg\" alt=\"Gm Cucine Azienda\" \/><\/div><\/li><\/ul><\/div><div class=\"controls\"><a class=\"prev-slide\" href=\"#\"><span><i class=\"fa fa-angle-left\"><\/i><\/span><\/a><a class=\"next-slide\" href=\"#\"><span><i class=\"fa fa-angle-right\"><\/i><\/span><\/a><\/div><\/div>[\/vc_column][\/vc_row][vc_row css_animation=&#8221;&#8221; row_type=&#8221;row&#8221; use_row_as_full_screen_section=&#8221;no&#8221; type=&#8221;full_width&#8221; angled_section=&#8221;no&#8221; text_align=&#8221;left&#8221; background_image_as_pattern=&#8221;without_pattern&#8221;][vc_column][vc_empty_space height=&#8221;55px&#8221;][\/vc_column][\/vc_row]<\/p>\n<\/section>","protected":false},"excerpt":{"rendered":"<p>[vc_row css_animation=&#8221;&#8221; row_type=&#8221;row&#8221; use_row_as_full_screen_section=&#8221;no&#8221; type=&#8221;grid&#8221; angled_section=&#8221;no&#8221; text_align=&#8221;left&#8221; background_image_as_pattern=&#8221;without_pattern&#8221; z_index=&#8221;&#8221;][vc_column width=&#8221;1\/2&#8243;][vc_column_text] GM CUCINE [\/vc_column_text][vc_empty_space height=&#8221;25px&#8221;][vc_column_text]Mille points de vente et quarante agences dans tout le pays, des revendeurs en Europe, en Am\u00e9rique centrale et en Am\u00e9rique du Sud: tels sont les chiffres et les r\u00e9sultats qui t\u00e9moignent&#8230;<\/p>\n","protected":false},"author":1,"featured_media":0,"parent":0,"menu_order":0,"comment_status":"closed","ping_status":"open","template":"full_width.php","meta":{"footnotes":""},"class_list":["post-3643","page","type-page","status-publish","hentry"],"yoast_head":"<!-- This site is optimized with the Yoast SEO plugin v25.2 - https:\/\/yoast.com\/wordpress\/plugins\/seo\/ -->\n<title>Entreprise - GM cucine<\/title>\n<meta name=\"robots\" content=\"index, follow, max-snippet:-1, max-image-preview:large, max-video-preview:-1\" \/>\n<link rel=\"canonical\" href=\"https:\/\/www.gmcucine.com\/fr\/entreprise\/\" \/>\n<meta property=\"og:locale\" content=\"fr_FR\" \/>\n<meta property=\"og:type\" content=\"article\" \/>\n<meta property=\"og:title\" content=\"Entreprise - GM cucine\" \/>\n<meta property=\"og:description\" content=\"[vc_row css_animation=&#8221;&#8221; row_type=&#8221;row&#8221; use_row_as_full_screen_section=&#8221;no&#8221; type=&#8221;grid&#8221; angled_section=&#8221;no&#8221; text_align=&#8221;left&#8221; background_image_as_pattern=&#8221;without_pattern&#8221; z_index=&#8221;&#8221;][vc_column width=&#8221;1\/2&#8243;][vc_column_text] GM CUCINE [\/vc_column_text][vc_empty_space height=&#8221;25px&#8221;][vc_column_text]Mille points de vente et quarante agences dans tout le pays, des revendeurs en Europe, en Am\u00e9rique centrale et en Am\u00e9rique du Sud: tels sont les chiffres et les r\u00e9sultats qui t\u00e9moignent...\" \/>\n<meta property=\"og:url\" content=\"https:\/\/www.gmcucine.com\/fr\/entreprise\/\" \/>\n<meta property=\"og:site_name\" content=\"GM cucine\" \/>\n<meta property=\"article:publisher\" content=\"https:\/\/www.facebook.com\/gm.cucine\/\" \/>\n<meta property=\"article:modified_time\" content=\"2023-12-06T09:44:17+00:00\" \/>\n<meta name=\"twitter:card\" content=\"summary_large_image\" \/>\n<meta name=\"twitter:label1\" content=\"Dur\u00e9e de lecture estim\u00e9e\" \/>\n\t<meta name=\"twitter:data1\" content=\"2 minutes\" \/>\n<script type=\"application\/ld+json\" class=\"yoast-schema-graph\">{\"@context\":\"https:\/\/schema.org\",\"@graph\":[{\"@type\":\"WebPage\",\"@id\":\"https:\/\/www.gmcucine.com\/fr\/entreprise\/\",\"url\":\"https:\/\/www.gmcucine.com\/fr\/entreprise\/\",\"name\":\"Entreprise - GM cucine\",\"isPartOf\":{\"@id\":\"https:\/\/www.gmcucine.com\/fr\/#website\"},\"datePublished\":\"2020-06-15T07:42:05+00:00\",\"dateModified\":\"2023-12-06T09:44:17+00:00\",\"breadcrumb\":{\"@id\":\"https:\/\/www.gmcucine.com\/fr\/entreprise\/#breadcrumb\"},\"inLanguage\":\"fr-FR\",\"potentialAction\":[{\"@type\":\"ReadAction\",\"target\":[\"https:\/\/www.gmcucine.com\/fr\/entreprise\/\"]}]},{\"@type\":\"BreadcrumbList\",\"@id\":\"https:\/\/www.gmcucine.com\/fr\/entreprise\/#breadcrumb\",\"itemListElement\":[{\"@type\":\"ListItem\",\"position\":1,\"name\":\"Home\",\"item\":\"https:\/\/www.gmcucine.com\/fr\/\"},{\"@type\":\"ListItem\",\"position\":2,\"name\":\"Entreprise\"}]},{\"@type\":\"WebSite\",\"@id\":\"https:\/\/www.gmcucine.com\/fr\/#website\",\"url\":\"https:\/\/www.gmcucine.com\/fr\/\",\"name\":\"GM cucine\",\"description\":\"Crea la cucina adatta a te - Treviso\",\"publisher\":{\"@id\":\"https:\/\/www.gmcucine.com\/fr\/#organization\"},\"potentialAction\":[{\"@type\":\"SearchAction\",\"target\":{\"@type\":\"EntryPoint\",\"urlTemplate\":\"https:\/\/www.gmcucine.com\/fr\/?s={search_term_string}\"},\"query-input\":{\"@type\":\"PropertyValueSpecification\",\"valueRequired\":true,\"valueName\":\"search_term_string\"}}],\"inLanguage\":\"fr-FR\"},{\"@type\":\"Organization\",\"@id\":\"https:\/\/www.gmcucine.com\/fr\/#organization\",\"name\":\"GM Cucine\",\"url\":\"https:\/\/www.gmcucine.com\/fr\/\",\"logo\":{\"@type\":\"ImageObject\",\"inLanguage\":\"fr-FR\",\"@id\":\"https:\/\/www.gmcucine.com\/fr\/#\/schema\/logo\/image\/\",\"url\":\"https:\/\/www.gmcucine.com\/wp-content\/uploads\/2019\/02\/gm-logo_nero-def.png\",\"contentUrl\":\"https:\/\/www.gmcucine.com\/wp-content\/uploads\/2019\/02\/gm-logo_nero-def.png\",\"width\":140,\"height\":47,\"caption\":\"GM Cucine\"},\"image\":{\"@id\":\"https:\/\/www.gmcucine.com\/fr\/#\/schema\/logo\/image\/\"},\"sameAs\":[\"https:\/\/www.facebook.com\/gm.cucine\/\"]}]}<\/script>\n<!-- \/ Yoast SEO plugin. -->","yoast_head_json":{"title":"Entreprise - GM cucine","robots":{"index":"index","follow":"follow","max-snippet":"max-snippet:-1","max-image-preview":"max-image-preview:large","max-video-preview":"max-video-preview:-1"},"canonical":"https:\/\/www.gmcucine.com\/fr\/entreprise\/","og_locale":"fr_FR","og_type":"article","og_title":"Entreprise - GM cucine","og_description":"[vc_row css_animation=&#8221;&#8221; row_type=&#8221;row&#8221; use_row_as_full_screen_section=&#8221;no&#8221; type=&#8221;grid&#8221; angled_section=&#8221;no&#8221; text_align=&#8221;left&#8221; background_image_as_pattern=&#8221;without_pattern&#8221; z_index=&#8221;&#8221;][vc_column width=&#8221;1\/2&#8243;][vc_column_text] GM CUCINE [\/vc_column_text][vc_empty_space height=&#8221;25px&#8221;][vc_column_text]Mille points de vente et quarante agences dans tout le pays, des revendeurs en Europe, en Am\u00e9rique centrale et en Am\u00e9rique du Sud: tels sont les chiffres et les r\u00e9sultats qui t\u00e9moignent...","og_url":"https:\/\/www.gmcucine.com\/fr\/entreprise\/","og_site_name":"GM cucine","article_publisher":"https:\/\/www.facebook.com\/gm.cucine\/","article_modified_time":"2023-12-06T09:44:17+00:00","twitter_card":"summary_large_image","twitter_misc":{"Dur\u00e9e de lecture estim\u00e9e":"2 minutes"},"schema":{"@context":"https:\/\/schema.org","@graph":[{"@type":"WebPage","@id":"https:\/\/www.gmcucine.com\/fr\/entreprise\/","url":"https:\/\/www.gmcucine.com\/fr\/entreprise\/","name":"Entreprise - GM cucine","isPartOf":{"@id":"https:\/\/www.gmcucine.com\/fr\/#website"},"datePublished":"2020-06-15T07:42:05+00:00","dateModified":"2023-12-06T09:44:17+00:00","breadcrumb":{"@id":"https:\/\/www.gmcucine.com\/fr\/entreprise\/#breadcrumb"},"inLanguage":"fr-FR","potentialAction":[{"@type":"ReadAction","target":["https:\/\/www.gmcucine.com\/fr\/entreprise\/"]}]},{"@type":"BreadcrumbList","@id":"https:\/\/www.gmcucine.com\/fr\/entreprise\/#breadcrumb","itemListElement":[{"@type":"ListItem","position":1,"name":"Home","item":"https:\/\/www.gmcucine.com\/fr\/"},{"@type":"ListItem","position":2,"name":"Entreprise"}]},{"@type":"WebSite","@id":"https:\/\/www.gmcucine.com\/fr\/#website","url":"https:\/\/www.gmcucine.com\/fr\/","name":"GM cucine","description":"Crea la cucina adatta a te - Treviso","publisher":{"@id":"https:\/\/www.gmcucine.com\/fr\/#organization"},"potentialAction":[{"@type":"SearchAction","target":{"@type":"EntryPoint","urlTemplate":"https:\/\/www.gmcucine.com\/fr\/?s={search_term_string}"},"query-input":{"@type":"PropertyValueSpecification","valueRequired":true,"valueName":"search_term_string"}}],"inLanguage":"fr-FR"},{"@type":"Organization","@id":"https:\/\/www.gmcucine.com\/fr\/#organization","name":"GM Cucine","url":"https:\/\/www.gmcucine.com\/fr\/","logo":{"@type":"ImageObject","inLanguage":"fr-FR","@id":"https:\/\/www.gmcucine.com\/fr\/#\/schema\/logo\/image\/","url":"https:\/\/www.gmcucine.com\/wp-content\/uploads\/2019\/02\/gm-logo_nero-def.png","contentUrl":"https:\/\/www.gmcucine.com\/wp-content\/uploads\/2019\/02\/gm-logo_nero-def.png","width":140,"height":47,"caption":"GM Cucine"},"image":{"@id":"https:\/\/www.gmcucine.com\/fr\/#\/schema\/logo\/image\/"},"sameAs":["https:\/\/www.facebook.com\/gm.cucine\/"]}]}},"_links":{"self":[{"href":"https:\/\/www.gmcucine.com\/fr\/wp-json\/wp\/v2\/pages\/3643","targetHints":{"allow":["GET"]}}],"collection":[{"href":"https:\/\/www.gmcucine.com\/fr\/wp-json\/wp\/v2\/pages"}],"about":[{"href":"https:\/\/www.gmcucine.com\/fr\/wp-json\/wp\/v2\/types\/page"}],"author":[{"embeddable":true,"href":"https:\/\/www.gmcucine.com\/fr\/wp-json\/wp\/v2\/users\/1"}],"replies":[{"embeddable":true,"href":"https:\/\/www.gmcucine.com\/fr\/wp-json\/wp\/v2\/comments?post=3643"}],"version-history":[{"count":0,"href":"https:\/\/www.gmcucine.com\/fr\/wp-json\/wp\/v2\/pages\/3643\/revisions"}],"wp:attachment":[{"href":"https:\/\/www.gmcucine.com\/fr\/wp-json\/wp\/v2\/media?parent=3643"}],"curies":[{"name":"wp","href":"https:\/\/api.w.org\/{rel}","templated":true}]}}